{"id":825,"date":"2018-04-10T14:51:10","date_gmt":"2018-04-10T12:51:10","guid":{"rendered":"https:\/\/clubultimategones.wordpress.com\/?page_id=825"},"modified":"2022-08-23T00:42:45","modified_gmt":"2022-08-22T22:42:45","slug":"revue-de-presse","status":"publish","type":"page","link":"https:\/\/ultimategones.fr\/en\/revue-de-presse\/","title":{"rendered":"Revue de presse"},"content":{"rendered":"<p>On parle du club dans la presse !<\/p>\n<h4 style=\"text-align:center;\">26 avril 2019<\/h4>\n<p style=\"text-align:left;\">Article du Progr\u00e8s sur l&rsquo;Ultimate r\u00e9alis\u00e9 avec les voisins de l&rsquo;Asul Ultimate mais qui nous cite, donc on partage !<br \/>\n<a href=\"https:\/\/c.leprogres.fr\/rhone-69-edition-est-lyonnais\/2019\/04\/13\/de-l-ultimate-frisbee-ce-week-end-au-parc-de-parilly\">L&rsquo;Ultimate, un sport bien plus physique qu&rsquo;on peut le croire<\/a><\/p>\n<p><img fetchpriority=\"high\" decoding=\"async\" class=\"wp-image-1487 aligncenter\" style=\"font-family:-apple-system, BlinkMacSystemFont, 'Segoe UI', Roboto, Oxygen-Sans, Ubuntu, Cantarell, 'Helvetica Neue', sans-serif;\" src=\"https:\/\/ultimategones.fr\/wp-content\/uploads\/2019\/04\/article-le-progrecc80s.png?w=141\" alt=\"\" width=\"262\" height=\"557\" \/><\/p>\n<h4 style=\"text-align:center;\">14 avril 2019<\/h4>\n<p>Article du Progr\u00e8s qui fait le portrait d&rsquo;une de nos fondatrices, Th\u00e9ry PHILIPPINE :<br \/>\n<a href=\"https:\/\/c.leprogres.fr\/rhone-69-edition-est-lyonnais\/2019\/04\/14\/thery-philippine-joueuse-et-fondatrice-du-club\" target=\"_blank\" rel=\"noopener noreferrer\">Th\u00e9ry Philippine, joueuse et fondatrice du club<\/a><\/p>\n<p><img decoding=\"async\" class=\"wp-image-1493 aligncenter\" src=\"https:\/\/ultimategones.fr\/wp-content\/uploads\/2019\/04\/capture-de28099ecc81cran-2019-04-28-acc80-13.37.31.png?w=269\" alt=\"\" width=\"360\" height=\"401\" \/><\/p>\n<h4 style=\"text-align:center;\">14 avril 2019<\/h4>\n<p>Article du Progr\u00e8s sur la premi\u00e8re participation du club au Championnat de France Mixte :<br \/>\n<a href=\"https:\/\/c.leprogres.fr\/rhone-69-edition-est-lyonnais\/2019\/04\/14\/parc-de-parilly-le-frisbee-n-est-pas-qu-un-jeu-de-plage\" target=\"_blank\" rel=\"noopener noreferrer\">Parc de Parilly : le frisbee n&rsquo;est pas qu&rsquo;un jeu de plage<\/a><\/p>\n<p><img decoding=\"async\" class=\"wp-image-1492 aligncenter\" src=\"https:\/\/ultimategones.fr\/wp-content\/uploads\/2019\/04\/capture-de28099ecc81cran-2019-04-28-acc80-13.34.39.png?w=203\" alt=\"\" width=\"320\" height=\"473\" \/><\/p>\n<h4 style=\"text-align:center;\">13 avril 2019<strong><span style=\"color:#0000ff;\"><br \/>\n<\/span><\/strong><\/h4>\n<p>Portfolio du Progr\u00e8s sur la premi\u00e8re journ\u00e9e du Championnat Mixte N3 2019 organis\u00e9 par notre club :<br \/>\n<a href=\"https:\/\/c.leprogres.fr\/rhone-69-edition-est-lyonnais\/2019\/04\/13\/bron-le-parc-de-parilly-place-sous-le-signe-de-l-ultimate-frisbee-ce-samedi-13-avril\" target=\"_blank\" rel=\"noopener noreferrer\">Bron : Le parc de Parilly, plac\u00e9 sous le signe de l&rsquo;ultimate frisbee ce samedi 13 avril.<\/a><\/p>\n<p><img loading=\"lazy\" decoding=\"async\" class=\"wp-image-1494 aligncenter\" src=\"https:\/\/ultimategones.fr\/wp-content\/uploads\/2019\/04\/capture-de28099ecc81cran-2019-04-28-acc80-13.41.18.png?w=271\" alt=\"\" width=\"394\" height=\"436\" \/><\/p>\n<h4 style=\"text-align:center;\">13 avril 2019<strong><span style=\"color:#0000ff;\"><br \/>\n<\/span><\/strong><\/h4>\n<p>Article du Progr\u00e8s sur l&rsquo;organisation du Championnat Mixte 2019 par notre club :<br \/>\n<a href=\"https:\/\/c.leprogres.fr\/rhone-69-edition-est-lyonnais\/2019\/04\/13\/de-l-ultimate-frisbee-ce-week-end-au-parc-de-parilly\">De l&rsquo;ultimate frisbee ce week-end au Parc de Parilly<\/a><\/p>\n<p><img loading=\"lazy\" decoding=\"async\" class=\"wp-image-1490 aligncenter\" src=\"https:\/\/ultimategones.fr\/wp-content\/uploads\/2019\/04\/capture-de28099ecc81cran-2019-04-28-acc80-13.29.47.png?w=241\" alt=\"\" width=\"370\" height=\"461\" \/><\/p>\n<h4 style=\"text-align:center;\">7 avril 2018<strong><span style=\"color:#0000ff;\"><br \/>\n<\/span><\/strong><\/h4>\n<p>Reportage radiophonique (d\u00e9but \u00e0 partir de la 7\u00e8me minute) \u00a0lors de l&rsquo;\u00e9mission\u00a0<em>L&rsquo;esprit sportif<\/em> de RCF Lyon le samedi 7 avril 2018 : <a href=\"https:\/\/rcf.fr\/embed\/1797135\">https:\/\/rcf.fr\/embed\/1797135<\/a><\/p>","protected":false},"excerpt":{"rendered":"<p>On parle du club dans la presse ! 26 avril 2019 Article du Progr\u00e8s sur l&rsquo;Ultimate r\u00e9alis\u00e9 avec les voisins de l&rsquo;Asul Ultimate mais qui nous cite, donc on partage ! L&rsquo;Ultimate, un sport bien plus physique qu&rsquo;on peut le croire 14 avril 2019 Article du Progr\u00e8s qui fait le portrait d&rsquo;une de nos fondatrices, [&hellip;]<\/p>","protected":false},"author":2,"featured_media":828,"parent":0,"menu_order":0,"comment_status":"closed","ping_status":"closed","template":"","meta":{"footnotes":""},"class_list":["post-825","page","type-page","status-publish","has-post-thumbnail","hentry"],"_links":{"self":[{"href":"https:\/\/ultimategones.fr\/en\/wp-json\/wp\/v2\/pages\/825","targetHints":{"allow":["GET"]}}],"collection":[{"href":"https:\/\/ultimategones.fr\/en\/wp-json\/wp\/v2\/pages"}],"about":[{"href":"https:\/\/ultimategones.fr\/en\/wp-json\/wp\/v2\/types\/page"}],"author":[{"embeddable":true,"href":"https:\/\/ultimategones.fr\/en\/wp-json\/wp\/v2\/users\/2"}],"replies":[{"embeddable":true,"href":"https:\/\/ultimategones.fr\/en\/wp-json\/wp\/v2\/comments?post=825"}],"version-history":[{"count":0,"href":"https:\/\/ultimategones.fr\/en\/wp-json\/wp\/v2\/pages\/825\/revisions"}],"wp:featuredmedia":[{"embeddable":true,"href":"https:\/\/ultimategones.fr\/en\/wp-json\/wp\/v2\/media\/828"}],"wp:attachment":[{"href":"https:\/\/ultimategones.fr\/en\/wp-json\/wp\/v2\/media?parent=825"}],"curies":[{"name":"wp","href":"https:\/\/api.w.org\/{rel}","templated":true}]}}