{"id":47,"date":"2017-04-11T18:45:31","date_gmt":"2017-04-11T17:45:31","guid":{"rendered":"https:\/\/clubultimategones.wordpress.com\/?page_id=47"},"modified":"2022-09-26T00:13:01","modified_gmt":"2022-09-25T22:13:01","slug":"lultimate","status":"publish","type":"page","link":"https:\/\/ultimategones.fr\/en\/lultimate\/","title":{"rendered":"L&rsquo;Ultimate"},"content":{"rendered":"<p class=\"has-text-align-justify\">L&rsquo;Ultimate Frisbee est un sport collectif utilisant un disque et opposant deux \u00e9quipes de 5 ou 7 joueurs, sans contact, auto-arbitr\u00e9 et mixte. Il existe une F\u00e9d\u00e9ration Fran\u00e7aise (la <a href=\"https:\/\/www.ffdf.fr\/\" target=\"_blank\" rel=\"noreferrer noopener\">FFFD<\/a>) et une F\u00e9d\u00e9ration Mondiale (la <a href=\"http:\/\/www.wfdf.org\/\" target=\"_blank\" rel=\"noreferrer noopener\">WFDF<\/a>). Vous trouverez ci-dessous les points de r\u00e8gles fondamentaux de l&rsquo;Ultimate.<\/p>\n\n\n\n<hr class=\"wp-block-separator has-alpha-channel-opacity\"\/>\n\n\n\n<h3 class=\"has-text-align-center wp-block-heading\">Introduction du r\u00e8glement officiel WFDF<\/h3>\n\n\n\n<p class=\"has-text-align-justify\">L\u2019Ultimate est un sport qui se joue \u00e0 7 par \u00e9quipe avec un disque volant. Il est pratiqu\u00e9 sur un terrain rectangulaire d\u2019environ la moiti\u00e9 de la largeur d\u2019un terrain de football avec une zone d\u2019en-but \u00e0 chaque extr\u00e9mit\u00e9.<\/p>\n\n\n\n<p class=\"has-text-align-justify\">Le but de chaque \u00e9quipe est de marquer un point en ayant un joueur qui attrape une passe dans l\u2019en-but qu\u2019elles attaquent. Un lanceur ne peut pas courir avec le disque mais il peut le passer dans toutes les directions \u00e0 n\u2019importe quel co\u00e9quipier. Si une passe est incompl\u00e8te il y a \u00abturnover\u00bb et l\u2019autre \u00e9quipe prend possession du disque et tente de marquer dans l\u2019en-but oppos\u00e9.<\/p>\n\n\n\n<p class=\"has-text-align-justify\">Les matchs sont typiquement jou\u00e9s en 15 points et durent autour de 100 minutes. L\u2019Ultimate est auto-arbitr\u00e9 et sans contact. L\u2019esprit du jeu guide les joueurs sur leur fa\u00e7on d\u2019arbitrer le match et de se comporter sur le terrain.<\/p>\n\n\n\n<hr class=\"wp-block-separator has-alpha-channel-opacity\"\/>\n\n\n\n<h3 class=\"has-text-align-center wp-block-heading\">L&rsquo;Ultimate en 10 points<\/h3>\n\n\n\n<h5 class=\"wp-block-heading\"><b>Le but du jeu<\/b><\/h5>\n\n\n\n<figure class=\"wp-block-image alignright\"><img fetchpriority=\"high\" decoding=\"async\" width=\"430\" height=\"220\" src=\"https:\/\/clubultimategones.files.wordpress.com\/2017\/04\/terrain-frisbee.jpg\" alt=\"terrain-frisbee\" class=\"wp-image-99\" srcset=\"https:\/\/ultimategones.fr\/wp-content\/uploads\/2017\/04\/terrain-frisbee.jpg 430w, https:\/\/ultimategones.fr\/wp-content\/uploads\/2017\/04\/terrain-frisbee-300x153.jpg 300w\" sizes=\"(max-width: 430px) 100vw, 430px\" \/><\/figure>\n\n\n\n<p class=\"has-text-align-justify\">L\u2019Ultimate se joue avec deux \u00e9quipes de sept joueurs chacune et un disque (frisbee). En salle, il se joue sur un terrain de handball avec cinq joueurs par \u00e9quipe. \u00c0 chaque extr\u00e9mit\u00e9 du terrain, il y a une zone d\u2019en-but de <span class=\"nowrap\">18&nbsp;m <\/span>(ext\u00e9rieur) ou <span class=\"nowrap\">6&nbsp;m<\/span> (en salle).<\/p>\n\n\n\n<h5 class=\"wp-block-heading\"><b>L\u2019engagement<\/b><\/h5>\n\n\n\n<p class=\"has-text-align-justify\">Au d\u00e9but du jeu et apr\u00e8s chaque point marqu\u00e9, les \u00e9quipes se tiennent sur leur ligne de but. L\u2019\u00e9quipe qui a marqu\u00e9 le dernier point lance le disque. L\u2019autre \u00e9quipe prend possession du disque l\u00e0 o\u00f9 il atterrit et devient alors l\u2019\u00e9quipe attaquante.<\/p>\n\n\n\n<h5 class=\"wp-block-heading\"><b>Score<\/b><\/h5>\n\n\n\n<p class=\"has-text-align-justify\">Un point est marqu\u00e9 quand l\u2019\u00e9quipe offensive attrape le disque dans la zone d\u2019en-but de l\u2019\u00e9quipe adverse.<\/p>\n\n\n\n<h5 class=\"wp-block-heading\"><b>En jeu et hors limites<\/b><\/h5>\n\n\n\n<p class=\"has-text-align-justify\">Un disque est en jeu quand il est attrap\u00e9 dans le terrain. Les lignes de touche et de fond sont hors limites. Pour marquer un point, un joueur attaquant doit donc attraper le disque dans la zone d&rsquo;en-but, sans toucher une des lignes.<\/p>\n\n\n\n<h5 class=\"wp-block-heading\"><b>Jouer le disque<\/b><\/h5>\n\n\n\n<p class=\"has-text-align-justify\">Un joueur en possession du disque peut le jouer dans n\u2019importe quelle direction. Il doit le faire dans les dix secondes \u2014 huit quand on joue \u00e0 l&rsquo;int\u00e9rieur \u2014&nbsp;; un d\u00e9fenseur se tient devant lui et compte jusqu&rsquo;\u00e0 dix. Le joueur en possession du disque ne doit pas marcher, mais peut \u00e9tablir un pied pivot.<\/p>\n\n\n\n<h5 class=\"wp-block-heading\"><b>Changement de possession du disque<\/b><\/h5>\n\n\n\n<p class=\"has-text-align-justify\">L&rsquo;\u00e9quipe qui d\u00e9fend prend possession du disque quand le lancer d&rsquo;un joueur attaquant est intercept\u00e9, touche le sol ou est attrap\u00e9 en dehors du terrain, peu importe qui touche le disque en dernier. L&rsquo;\u00e9quipe qui d\u00e9fendait devient alors l&rsquo;\u00e9quipe attaquante.<\/p>\n\n\n\n<h5 class=\"wp-block-heading\"><b>Remplacement des joueurs<\/b><\/h5>\n\n\n\n<p class=\"has-text-align-justify\">Apr\u00e8s chaque point, les \u00e9quipes peuvent remplacer autant de joueurs qu&rsquo;elles le souhaitent.<\/p>\n\n\n\n<h5 class=\"wp-block-heading\"><b>Sport sans contact<\/b><\/h5>\n\n\n\n<p class=\"has-text-align-justify\">L&rsquo;Ultimate est un sport sans contact. Les contacts physiques ne sont pas autoris\u00e9s.<\/p>\n\n\n\n<h5 class=\"wp-block-heading\"><b>Fautes<\/b><\/h5>\n\n\n\n<p class=\"has-text-align-justify\">Quand un joueur constate une faute, il annonce \u00ab&nbsp;faute&nbsp;\u00bb. Tous les joueurs s&rsquo;arr\u00eatent imm\u00e9diatement et le jeu est arr\u00eat\u00e9. Le but est de reprendre le jeu comme si la faute n&rsquo;avait pas eu lieu. Lorsque les joueurs ne peuvent se mettre d&rsquo;accord, le disque retourne au dernier lanceur et le jeu reprend \u00e0 partir de l\u00e0.<\/p>\n\n\n\n<h5 class=\"wp-block-heading\"><b>Auto-arbitrage<\/b><\/h5>\n\n\n\n<p class=\"has-text-align-justify\">Le fair-play est un aspect important de tous les sports de disque. Tout comme ces derniers, l\u2019Ultimate se joue sans arbitre. Les joueurs sont eux-m\u00eames responsables du bon d\u00e9roulement du jeu et les garants de sa gestion autonome.<\/p>","protected":false},"excerpt":{"rendered":"<p>L&rsquo;Ultimate Frisbee est un sport collectif utilisant un disque et opposant deux \u00e9quipes de 5 ou 7 joueurs, sans contact, auto-arbitr\u00e9 et mixte. Il existe une F\u00e9d\u00e9ration Fran\u00e7aise (la FFFD) et une F\u00e9d\u00e9ration Mondiale (la WFDF). Vous trouverez ci-dessous les points de r\u00e8gles fondamentaux de l&rsquo;Ultimate. Introduction du r\u00e8glement officiel WFDF L\u2019Ultimate est un sport [&hellip;]<\/p>","protected":false},"author":2,"featured_media":1015,"parent":0,"menu_order":0,"comment_status":"closed","ping_status":"closed","template":"templates\/full-width-page.php","meta":{"footnotes":""},"class_list":["post-47","page","type-page","status-publish","has-post-thumbnail","hentry"],"_links":{"self":[{"href":"https:\/\/ultimategones.fr\/en\/wp-json\/wp\/v2\/pages\/47","targetHints":{"allow":["GET"]}}],"collection":[{"href":"https:\/\/ultimategones.fr\/en\/wp-json\/wp\/v2\/pages"}],"about":[{"href":"https:\/\/ultimategones.fr\/en\/wp-json\/wp\/v2\/types\/page"}],"author":[{"embeddable":true,"href":"https:\/\/ultimategones.fr\/en\/wp-json\/wp\/v2\/users\/2"}],"replies":[{"embeddable":true,"href":"https:\/\/ultimategones.fr\/en\/wp-json\/wp\/v2\/comments?post=47"}],"version-history":[{"count":0,"href":"https:\/\/ultimategones.fr\/en\/wp-json\/wp\/v2\/pages\/47\/revisions"}],"wp:featuredmedia":[{"embeddable":true,"href":"https:\/\/ultimategones.fr\/en\/wp-json\/wp\/v2\/media\/1015"}],"wp:attachment":[{"href":"https:\/\/ultimategones.fr\/en\/wp-json\/wp\/v2\/media?parent=47"}],"curies":[{"name":"wp","href":"https:\/\/api.w.org\/{rel}","templated":true}]}}