{"id":3121,"date":"2023-09-24T11:58:24","date_gmt":"2023-09-24T09:58:24","guid":{"rendered":"https:\/\/ultimategones.fr\/?page_id=3121"},"modified":"2024-09-08T22:53:46","modified_gmt":"2024-09-08T20:53:46","slug":"patenaires","status":"publish","type":"page","link":"https:\/\/ultimategones.fr\/en\/patenaires\/","title":{"rendered":"Partenaires"},"content":{"rendered":"<div data-elementor-type=\"wp-page\" data-elementor-id=\"3121\" class=\"elementor elementor-3121\" data-elementor-post-type=\"page\">\n\t\t\t\t<div class=\"elementor-element elementor-element-7977ee9 e-grid e-con-boxed e-con e-parent\" data-id=\"7977ee9\" data-element_type=\"container\">\n\t\t\t\t\t<div class=\"e-con-inner\">\n\t\t<div class=\"elementor-element elementor-element-dba85d7 e-flex e-con-boxed e-con e-child\" data-id=\"dba85d7\" data-element_type=\"container\">\n\t\t\t\t\t<div class=\"e-con-inner\">\n\t\t\t\t<div class=\"elementor-element elementor-element-4033265 elementor-widget elementor-widget-image\" data-id=\"4033265\" data-element_type=\"widget\" data-widget_type=\"image.default\">\n\t\t\t\t<div class=\"elementor-widget-container\">\n\t\t\t\t\t\t\t\t\t\t\t\t\t\t\t\t<a href=\"https:\/\/www.grandlyon.com\/\">\n\t\t\t\t\t\t\t<img fetchpriority=\"high\" decoding=\"async\" width=\"800\" height=\"314\" src=\"https:\/\/ultimategones.fr\/wp-content\/uploads\/2023\/09\/logo-grand-lyon-la-metropole.png\" class=\"attachment-large size-large wp-image-3123\" alt=\"Grand Lyon M\u00e9tropole\" srcset=\"https:\/\/ultimategones.fr\/wp-content\/uploads\/2023\/09\/logo-grand-lyon-la-metropole.png 859w, https:\/\/ultimategones.fr\/wp-content\/uploads\/2023\/09\/logo-grand-lyon-la-metropole-300x118.png 300w, https:\/\/ultimategones.fr\/wp-content\/uploads\/2023\/09\/logo-grand-lyon-la-metropole-768x301.png 768w, https:\/\/ultimategones.fr\/wp-content\/uploads\/2023\/09\/logo-grand-lyon-la-metropole-18x7.png 18w\" sizes=\"(max-width: 800px) 100vw, 800px\" \/>\t\t\t\t\t\t\t\t<\/a>\n\t\t\t\t\t\t\t\t\t\t\t\t\t\t\t<\/div>\n\t\t\t\t<\/div>\n\t\t\t\t\t<\/div>\n\t\t\t\t<\/div>\n\t\t<div class=\"elementor-element elementor-element-493ebb8 e-flex e-con-boxed e-con e-child\" data-id=\"493ebb8\" data-element_type=\"container\">\n\t\t\t\t\t<div class=\"e-con-inner\">\n\t\t\t\t<div class=\"elementor-element elementor-element-ece6d62 elementor-widget elementor-widget-image\" data-id=\"ece6d62\" data-element_type=\"widget\" data-widget_type=\"image.default\">\n\t\t\t\t<div class=\"elementor-widget-container\">\n\t\t\t\t\t\t\t\t\t\t\t\t\t\t\t\t<a href=\"http:\/\/www.lyon.fr\">\n\t\t\t\t\t\t\t<img decoding=\"async\" width=\"509\" height=\"168\" src=\"https:\/\/ultimategones.fr\/wp-content\/uploads\/2023\/09\/lyon.png\" class=\"attachment-large size-large wp-image-3126\" alt=\"ASUL Ultimate\" srcset=\"https:\/\/ultimategones.fr\/wp-content\/uploads\/2023\/09\/lyon.png 509w, https:\/\/ultimategones.fr\/wp-content\/uploads\/2023\/09\/lyon-300x99.png 300w, https:\/\/ultimategones.fr\/wp-content\/uploads\/2023\/09\/lyon-18x6.png 18w\" sizes=\"(max-width: 509px) 100vw, 509px\" \/>\t\t\t\t\t\t\t\t<\/a>\n\t\t\t\t\t\t\t\t\t\t\t\t\t\t\t<\/div>\n\t\t\t\t<\/div>\n\t\t\t\t\t<\/div>\n\t\t\t\t<\/div>\n\t\t<div class=\"elementor-element elementor-element-a7ac428 e-flex e-con-boxed e-con e-child\" data-id=\"a7ac428\" data-element_type=\"container\">\n\t\t\t\t\t<div class=\"e-con-inner\">\n\t\t\t\t<div class=\"elementor-element elementor-element-d582e0a elementor-widget elementor-widget-image\" data-id=\"d582e0a\" data-element_type=\"widget\" data-widget_type=\"image.default\">\n\t\t\t\t<div class=\"elementor-widget-container\">\n\t\t\t\t\t\t\t\t\t\t\t\t\t\t\t\t<a href=\"https:\/\/www.oslyon.com\/\">\n\t\t\t\t\t\t\t<img decoding=\"async\" src=\"https:\/\/ultimategones.fr\/wp-content\/uploads\/2023\/09\/logo-osl-lyon-rouge.png\" title=\"\" alt=\"Office des Sports de Lyon\" loading=\"lazy\" \/>\t\t\t\t\t\t\t\t<\/a>\n\t\t\t\t\t\t\t\t\t\t\t\t\t\t\t<\/div>\n\t\t\t\t<\/div>\n\t\t\t\t\t<\/div>\n\t\t\t\t<\/div>\n\t\t<div class=\"elementor-element elementor-element-acebbbf e-flex e-con-boxed e-con e-child\" data-id=\"acebbbf\" data-element_type=\"container\">\n\t\t\t\t\t<div class=\"e-con-inner\">\n\t\t\t\t<div class=\"elementor-element elementor-element-dad6e99 elementor-widget elementor-widget-image\" data-id=\"dad6e99\" data-element_type=\"widget\" data-widget_type=\"image.default\">\n\t\t\t\t<div class=\"elementor-widget-container\">\n\t\t\t\t\t\t\t\t\t\t\t\t\t\t\t\t<a href=\"https:\/\/www.ff-flyingdisc.fr\/\">\n\t\t\t\t\t\t\t<img decoding=\"async\" width=\"503\" height=\"240\" src=\"https:\/\/ultimategones.fr\/wp-content\/uploads\/2023\/09\/FFFD.png\" class=\"attachment-large size-large wp-image-3125\" alt=\"F\u00e9d\u00e9ration Fran\u00e7aise de Flyig Disc\" srcset=\"https:\/\/ultimategones.fr\/wp-content\/uploads\/2023\/09\/FFFD.png 503w, https:\/\/ultimategones.fr\/wp-content\/uploads\/2023\/09\/FFFD-300x143.png 300w, https:\/\/ultimategones.fr\/wp-content\/uploads\/2023\/09\/FFFD-18x9.png 18w\" sizes=\"(max-width: 503px) 100vw, 503px\" \/>\t\t\t\t\t\t\t\t<\/a>\n\t\t\t\t\t\t\t\t\t\t\t\t\t\t\t<\/div>\n\t\t\t\t<\/div>\n\t\t\t\t\t<\/div>\n\t\t\t\t<\/div>\n\t\t<div class=\"elementor-element elementor-element-208d5c5 e-flex e-con-boxed e-con e-child\" data-id=\"208d5c5\" data-element_type=\"container\">\n\t\t\t\t\t<div class=\"e-con-inner\">\n\t\t\t\t<div class=\"elementor-element elementor-element-0ce1fcd elementor-widget elementor-widget-image\" data-id=\"0ce1fcd\" data-element_type=\"widget\" data-widget_type=\"image.default\">\n\t\t\t\t<div class=\"elementor-widget-container\">\n\t\t\t\t\t\t\t\t\t\t\t\t\t\t\t\t<a href=\"https:\/\/www.asul-ultimate.org\/\">\n\t\t\t\t\t\t\t<img loading=\"lazy\" decoding=\"async\" width=\"258\" height=\"300\" src=\"https:\/\/ultimategones.fr\/wp-content\/uploads\/2023\/09\/Asul_ultimateSMALL-258x300.png\" class=\"attachment-medium size-medium wp-image-3124\" alt=\"ASUL Ultimate\" srcset=\"https:\/\/ultimategones.fr\/wp-content\/uploads\/2023\/09\/Asul_ultimateSMALL-258x300.png 258w, https:\/\/ultimategones.fr\/wp-content\/uploads\/2023\/09\/Asul_ultimateSMALL-10x12.png 10w, https:\/\/ultimategones.fr\/wp-content\/uploads\/2023\/09\/Asul_ultimateSMALL.png 275w\" sizes=\"(max-width: 258px) 100vw, 258px\" \/>\t\t\t\t\t\t\t\t<\/a>\n\t\t\t\t\t\t\t\t\t\t\t\t\t\t\t<\/div>\n\t\t\t\t<\/div>\n\t\t\t\t\t<\/div>\n\t\t\t\t<\/div>\n\t\t\t\t<div class=\"elementor-element elementor-element-76a0bd9 elementor-widget__width-auto elementor-widget elementor-widget-image\" data-id=\"76a0bd9\" data-element_type=\"widget\" data-widget_type=\"image.default\">\n\t\t\t\t<div class=\"elementor-widget-container\">\n\t\t\t\t\t\t\t\t\t\t\t\t\t\t\t\t<a href=\"https:\/\/ultimategones.fr\/wp-content\/uploads\/2024\/09\/Ligue_AURA_transparent-1.png\" data-elementor-open-lightbox=\"yes\" data-elementor-lightbox-title=\"Ligue_AURA_transparent\" data-e-action-hash=\"#elementor-action%3Aaction%3Dlightbox%26settings%3DeyJpZCI6MzI2MSwidXJsIjoiaHR0cHM6XC9cL3VsdGltYXRlZ29uZXMuZnJcL3dwLWNvbnRlbnRcL3VwbG9hZHNcLzIwMjRcLzA5XC9MaWd1ZV9BVVJBX3RyYW5zcGFyZW50LTEucG5nIn0%3D\">\n\t\t\t\t\t\t\t<img loading=\"lazy\" decoding=\"async\" width=\"768\" height=\"541\" src=\"https:\/\/ultimategones.fr\/wp-content\/uploads\/2024\/09\/Ligue_AURA_transparent-1-768x541.png\" class=\"attachment-medium_large size-medium_large wp-image-3261\" alt=\"\" srcset=\"https:\/\/ultimategones.fr\/wp-content\/uploads\/2024\/09\/Ligue_AURA_transparent-1-768x541.png 768w, https:\/\/ultimategones.fr\/wp-content\/uploads\/2024\/09\/Ligue_AURA_transparent-1-300x211.png 300w, https:\/\/ultimategones.fr\/wp-content\/uploads\/2024\/09\/Ligue_AURA_transparent-1-1024x721.png 1024w, https:\/\/ultimategones.fr\/wp-content\/uploads\/2024\/09\/Ligue_AURA_transparent-1-18x12.png 18w, https:\/\/ultimategones.fr\/wp-content\/uploads\/2024\/09\/Ligue_AURA_transparent-1.png 1200w\" sizes=\"(max-width: 768px) 100vw, 768px\" \/>\t\t\t\t\t\t\t\t<\/a>\n\t\t\t\t\t\t\t\t\t\t\t\t\t\t\t<\/div>\n\t\t\t\t<\/div>\n\t\t\t\t\t<\/div>\n\t\t\t\t<\/div>\n\t\t<div class=\"elementor-element elementor-element-28e52bb e-flex e-con-boxed e-con e-parent\" data-id=\"28e52bb\" data-element_type=\"container\">\n\t\t\t\t\t<div class=\"e-con-inner\">\n\t\t\t\t\t<\/div>\n\t\t\t\t<\/div>\n\t\t\t\t<\/div>","protected":false},"excerpt":{"rendered":"","protected":false},"author":2,"featured_media":0,"parent":0,"menu_order":0,"comment_status":"closed","ping_status":"closed","template":"","meta":{"footnotes":""},"class_list":["post-3121","page","type-page","status-publish","hentry"],"_links":{"self":[{"href":"https:\/\/ultimategones.fr\/en\/wp-json\/wp\/v2\/pages\/3121","targetHints":{"allow":["GET"]}}],"collection":[{"href":"https:\/\/ultimategones.fr\/en\/wp-json\/wp\/v2\/pages"}],"about":[{"href":"https:\/\/ultimategones.fr\/en\/wp-json\/wp\/v2\/types\/page"}],"author":[{"embeddable":true,"href":"https:\/\/ultimategones.fr\/en\/wp-json\/wp\/v2\/users\/2"}],"replies":[{"embeddable":true,"href":"https:\/\/ultimategones.fr\/en\/wp-json\/wp\/v2\/comments?post=3121"}],"version-history":[{"count":0,"href":"https:\/\/ultimategones.fr\/en\/wp-json\/wp\/v2\/pages\/3121\/revisions"}],"wp:attachment":[{"href":"https:\/\/ultimategones.fr\/en\/wp-json\/wp\/v2\/media?parent=3121"}],"curies":[{"name":"wp","href":"https:\/\/api.w.org\/{rel}","templated":true}]}}