{"id":3108,"date":"2023-09-23T08:58:59","date_gmt":"2023-09-23T06:58:59","guid":{"rendered":"https:\/\/ultimategones.fr\/?page_id=3108"},"modified":"2025-08-16T21:29:07","modified_gmt":"2025-08-16T19:29:07","slug":"mentions-legales","status":"publish","type":"page","link":"https:\/\/ultimategones.fr\/en\/mentions-legales\/","title":{"rendered":"Mentions l\u00e9gales"},"content":{"rendered":"<div data-elementor-type=\"wp-page\" data-elementor-id=\"3108\" class=\"elementor elementor-3108\" data-elementor-post-type=\"page\">\n\t\t\t\t<div class=\"elementor-element elementor-element-9794e3f e-flex e-con-boxed e-con e-parent\" data-id=\"9794e3f\" data-element_type=\"container\">\n\t\t\t\t\t<div class=\"e-con-inner\">\n\t\t\t\t<div class=\"elementor-element elementor-element-95bf6b6 elementor-widget elementor-widget-heading\" data-id=\"95bf6b6\" data-element_type=\"widget\" data-widget_type=\"heading.default\">\n\t\t\t\t<div class=\"elementor-widget-container\">\n\t\t\t\t\t<h2 class=\"elementor-heading-title elementor-size-default\">Mentions l\u00e9gales<\/h2>\t\t\t\t<\/div>\n\t\t\t\t<\/div>\n\t\t\t\t\t<\/div>\n\t\t\t\t<\/div>\n\t\t<div class=\"elementor-element elementor-element-03b5f77 e-flex e-con-boxed e-con e-parent\" data-id=\"03b5f77\" data-element_type=\"container\">\n\t\t\t\t\t<div class=\"e-con-inner\">\n\t\t\t\t<div class=\"elementor-element elementor-element-51c091c elementor-widget elementor-widget-heading\" data-id=\"51c091c\" data-element_type=\"widget\" data-widget_type=\"heading.default\">\n\t\t\t\t<div class=\"elementor-widget-container\">\n\t\t\t\t\t<h2 class=\"elementor-heading-title elementor-size-default\">Propri\u00e9t\u00e9 - Le Club d'Ultimate des G\u00f4nes<\/h2>\t\t\t\t<\/div>\n\t\t\t\t<\/div>\n\t\t\t\t<div class=\"elementor-element elementor-element-9e1e7f5 elementor-widget elementor-widget-text-editor\" data-id=\"9e1e7f5\" data-element_type=\"widget\" data-widget_type=\"text-editor.default\">\n\t\t\t\t<div class=\"elementor-widget-container\">\n\t\t\t\t\t\t\t\t\t<p>Le domaine ultimategones.fr et l\u2019ensemble de ses sous-domaines (pr\u00e9sent site) sont la propri\u00e9t\u00e9 de Le Club d&rsquo;Ultimate des G\u00f4nes, association \u00e0 but non lucratif r\u00e9gie par la loi du 1er juillet 1901, fond\u00e9e le 14 septembre 2016. Cette association a pour but la pratique, le d\u00e9veloppement, la promotion, l&rsquo;organisation et<br \/>l&rsquo;encadrement des sports se pratiquant avec un disque volant (Flying Disc). L&rsquo;adresse de son si\u00e8ge social est : 30 rue Bataille, 69008 Lyon, FRANCE<\/p><p>La pr\u00e9sidente de la publication du pr\u00e9sent site est Mme. Duncan, en qualit\u00e9 de Pr\u00e9sidente du Club d&rsquo;Ultimate des G\u00f4nes.<\/p><p>Identifiant SIRET de l&rsquo;association : 852 815 810 00035<\/p><p>Activit\u00e9 Principale Exerc\u00e9e (APE) : 9312Z Ativit\u00e9s de clubs de sports<\/p><p>L&rsquo;adresse email est contact @ ultimategones . fr<\/p><p>Le Club d&rsquo;Ultimate des G\u00f4nes est affili\u00e9 \u00e0 la <a href=\"https:\/\/www.ff-flyingdisc.fr\/\">F\u00e9d\u00e9ration Fran\u00e7aise de Flying Disc<\/a>.<\/p>\t\t\t\t\t\t\t\t<\/div>\n\t\t\t\t<\/div>\n\t\t\t\t<div class=\"elementor-element elementor-element-72f236a elementor-widget elementor-widget-heading\" data-id=\"72f236a\" data-element_type=\"widget\" data-widget_type=\"heading.default\">\n\t\t\t\t<div class=\"elementor-widget-container\">\n\t\t\t\t\t<h2 class=\"elementor-heading-title elementor-size-default\">Cr\u00e9ation du site<\/h2>\t\t\t\t<\/div>\n\t\t\t\t<\/div>\n\t\t\t\t<div class=\"elementor-element elementor-element-f710438 elementor-widget elementor-widget-text-editor\" data-id=\"f710438\" data-element_type=\"widget\" data-widget_type=\"text-editor.default\">\n\t\t\t\t<div class=\"elementor-widget-container\">\n\t\t\t\t\t\t\t\t\t<p>Le pr\u00e9sent site a \u00e9t\u00e9 d\u00e9velopp\u00e9 par le Club d&rsquo;Ultimate des G\u00f4nes, qui peut \u00eatre contact\u00e9 par l&rsquo;adresse email contact @ ultimategones . fr .<\/p>\t\t\t\t\t\t\t\t<\/div>\n\t\t\t\t<\/div>\n\t\t\t\t<div class=\"elementor-element elementor-element-4d57fec elementor-widget elementor-widget-heading\" data-id=\"4d57fec\" data-element_type=\"widget\" data-widget_type=\"heading.default\">\n\t\t\t\t<div class=\"elementor-widget-container\">\n\t\t\t\t\t<h2 class=\"elementor-heading-title elementor-size-default\">Informations personelles des utilisateurs du site<\/h2>\t\t\t\t<\/div>\n\t\t\t\t<\/div>\n\t\t\t\t<div class=\"elementor-element elementor-element-055e2b4 elementor-widget elementor-widget-text-editor\" data-id=\"055e2b4\" data-element_type=\"widget\" data-widget_type=\"text-editor.default\">\n\t\t\t\t<div class=\"elementor-widget-container\">\n\t\t\t\t\t\t\t\t\t<p>Les informations recueillies sont n\u00e9cessaires pour votre inscription. Elles font l\u2019objet d\u2019un traitement informatique et sont destin\u00e9es au secr\u00e9tariat de l\u2019association. En application des articles 39 et suivants de la loi du 6 janvier 1978 modifi\u00e9e, vous b\u00e9n\u00e9ficiez d\u2019un droit d\u2019acc\u00e8s et de rectification aux informations qui vous concernent. Si vous souhaitez exercer ce droit et obtenir communication des informations vous concernant, veuillez vous adresser au comit\u00e9 directeur de l\u2019association en envoyant un email \u00e0 l\u2019adresse contact @ ultimategones . fr .<\/p>\t\t\t\t\t\t\t\t<\/div>\n\t\t\t\t<\/div>\n\t\t\t\t<div class=\"elementor-element elementor-element-0974590 elementor-widget elementor-widget-heading\" data-id=\"0974590\" data-element_type=\"widget\" data-widget_type=\"heading.default\">\n\t\t\t\t<div class=\"elementor-widget-container\">\n\t\t\t\t\t<h2 class=\"elementor-heading-title elementor-size-default\">Droit d'auteurs<\/h2>\t\t\t\t<\/div>\n\t\t\t\t<\/div>\n\t\t\t\t<div class=\"elementor-element elementor-element-60725f7 elementor-widget elementor-widget-text-editor\" data-id=\"60725f7\" data-element_type=\"widget\" data-widget_type=\"text-editor.default\">\n\t\t\t\t<div class=\"elementor-widget-container\">\n\t\t\t\t\t\t\t\t\t<p>Le Club d&rsquo;Ultimate des G\u00f4nes est le titulaire exclusif de tous les droits de propri\u00e9t\u00e9 intellectuelle sur le logo de l\u2019association, la structure et le contenu du site.<\/p>\t\t\t\t\t\t\t\t<\/div>\n\t\t\t\t<\/div>\n\t\t\t\t<div class=\"elementor-element elementor-element-fea1f67 elementor-widget elementor-widget-heading\" data-id=\"fea1f67\" data-element_type=\"widget\" data-widget_type=\"heading.default\">\n\t\t\t\t<div class=\"elementor-widget-container\">\n\t\t\t\t\t<h2 class=\"elementor-heading-title elementor-size-default\">Validit\u00e9 des informations<\/h2>\t\t\t\t<\/div>\n\t\t\t\t<\/div>\n\t\t\t\t<div class=\"elementor-element elementor-element-beca4ab elementor-widget elementor-widget-text-editor\" data-id=\"beca4ab\" data-element_type=\"widget\" data-widget_type=\"text-editor.default\">\n\t\t\t\t<div class=\"elementor-widget-container\">\n\t\t\t\t\t\t\t\t\t<p>Toutes les informations fournies sur le pr\u00e9sent site, le sont \u00e0 titre indicatif. Par cons\u00e9quent, ces informations ne peuvent en aucun cas \u00eatre consid\u00e9r\u00e9es comme une offre contractuelle.<\/p>\t\t\t\t\t\t\t\t<\/div>\n\t\t\t\t<\/div>\n\t\t\t\t<div class=\"elementor-element elementor-element-2ad7a65 elementor-widget elementor-widget-heading\" data-id=\"2ad7a65\" data-element_type=\"widget\" data-widget_type=\"heading.default\">\n\t\t\t\t<div class=\"elementor-widget-container\">\n\t\t\t\t\t<h2 class=\"elementor-heading-title elementor-size-default\">H\u00e9bergement<\/h2>\t\t\t\t<\/div>\n\t\t\t\t<\/div>\n\t\t\t\t<div class=\"elementor-element elementor-element-623073d elementor-widget elementor-widget-text-editor\" data-id=\"623073d\" data-element_type=\"widget\" data-widget_type=\"text-editor.default\">\n\t\t\t\t<div class=\"elementor-widget-container\">\n\t\t\t\t\t\t\t\t\t<p>Le site est h\u00e9berg\u00e9 par :<\/p><p>Your Own Net<\/p><p>34 rue Georges Cl\u00e9menceau<\/p><p>79000 Niort<\/p><p>FRANCE<\/p><p><a href=\"https:\/\/yourownnet.net\/\">https:\/\/yourownnet.net\/<\/a><\/p><p>\u00a0<\/p>\t\t\t\t\t\t\t\t<\/div>\n\t\t\t\t<\/div>\n\t\t\t\t\t<\/div>\n\t\t\t\t<\/div>\n\t\t\t\t<\/div>","protected":false},"excerpt":{"rendered":"<p>Mentions l\u00e9gales Propri\u00e9t\u00e9 &#8211; Le Club d&rsquo;Ultimate des G\u00f4nes Le domaine ultimategones.fr et l\u2019ensemble de ses sous-domaines (pr\u00e9sent site) sont la propri\u00e9t\u00e9 de Le Club d&rsquo;Ultimate des G\u00f4nes, association \u00e0 but non lucratif r\u00e9gie par la loi du 1er juillet 1901, fond\u00e9e le 14 septembre 2016. Cette association a pour but la pratique, le d\u00e9veloppement, [&hellip;]<\/p>","protected":false},"author":2,"featured_media":0,"parent":0,"menu_order":0,"comment_status":"closed","ping_status":"closed","template":"","meta":{"footnotes":""},"class_list":["post-3108","page","type-page","status-publish","hentry"],"_links":{"self":[{"href":"https:\/\/ultimategones.fr\/en\/wp-json\/wp\/v2\/pages\/3108","targetHints":{"allow":["GET"]}}],"collection":[{"href":"https:\/\/ultimategones.fr\/en\/wp-json\/wp\/v2\/pages"}],"about":[{"href":"https:\/\/ultimategones.fr\/en\/wp-json\/wp\/v2\/types\/page"}],"author":[{"embeddable":true,"href":"https:\/\/ultimategones.fr\/en\/wp-json\/wp\/v2\/users\/2"}],"replies":[{"embeddable":true,"href":"https:\/\/ultimategones.fr\/en\/wp-json\/wp\/v2\/comments?post=3108"}],"version-history":[{"count":0,"href":"https:\/\/ultimategones.fr\/en\/wp-json\/wp\/v2\/pages\/3108\/revisions"}],"wp:attachment":[{"href":"https:\/\/ultimategones.fr\/en\/wp-json\/wp\/v2\/media?parent=3108"}],"curies":[{"name":"wp","href":"https:\/\/api.w.org\/{rel}","templated":true}]}}