{"id":1674,"date":"2019-11-05T17:29:07","date_gmt":"2019-11-05T16:29:07","guid":{"rendered":"https:\/\/clubultimategones.wordpress.com\/?page_id=1674"},"modified":"2025-08-16T21:34:37","modified_gmt":"2025-08-16T19:34:37","slug":"bienvenue-sur-le-site-du-club-dultimate-des-gones","status":"publish","type":"page","link":"https:\/\/ultimategones.fr\/en\/","title":{"rendered":"Bienvenue sur le site du Club d&rsquo;Ultimate des Gones"},"content":{"rendered":"<div data-elementor-type=\"wp-page\" data-elementor-id=\"1674\" class=\"elementor elementor-1674\" data-elementor-post-type=\"page\">\n\t\t\t\t<div class=\"elementor-element elementor-element-938b613 e-flex e-con-boxed e-con e-parent\" data-id=\"938b613\" data-element_type=\"container\">\n\t\t\t\t\t<div class=\"e-con-inner\">\n\t\t\t\t<div class=\"elementor-element elementor-element-ce34907 elementor-widget elementor-widget-image\" data-id=\"ce34907\" data-element_type=\"widget\" data-widget_type=\"image.default\">\n\t\t\t\t<div class=\"elementor-widget-container\">\n\t\t\t\t\t\t\t\t\t\t\t\t\t\t\t<img decoding=\"async\" src=\"https:\/\/ultimategones.fr\/wp-content\/uploads\/2023\/09\/286440336_1782447445481254_8997330038176505880_n.png\" title=\"286440336_1782447445481254_8997330038176505880_n\" alt=\"286440336_1782447445481254_8997330038176505880_n\" loading=\"lazy\" \/>\t\t\t\t\t\t\t\t\t\t\t\t\t\t\t<\/div>\n\t\t\t\t<\/div>\n\t\t\t\t\t<\/div>\n\t\t\t\t<\/div>\n\t\t<div class=\"elementor-element elementor-element-53fe7954 e-flex e-con-boxed e-con e-parent\" data-id=\"53fe7954\" data-element_type=\"container\">\n\t\t\t\t\t<div class=\"e-con-inner\">\n\t\t\t\t<div class=\"elementor-element elementor-element-4331a55 elementor-widget elementor-widget-text-editor\" data-id=\"4331a55\" data-element_type=\"widget\" data-widget_type=\"text-editor.default\">\n\t\t\t\t<div class=\"elementor-widget-container\">\n\t\t\t\t\t\t\t\t\t<!-- \/wp:buttons --><!-- wp:image {\"align\":\"center\",\"sizeSlug\":\"large\"} --><!-- \/wp:image --><!-- wp:heading {\"textAlign\":\"center\",\"level\":4} -->\n<h4 class=\"wp-block-heading has-text-align-center\">&#8211; Lyon &#8211;<\/h4>\n<!-- \/wp:heading --><!-- wp:paragraph {\"align\":\"left\"} -->\n<p class=\"has-text-align-left\">Vous trouverez sur ce site les informations n\u00e9cessaires pour venir pratiquer l&rsquo;Utimate Frisbee \u00e0 Lyon, dans la bonne humeur et l&rsquo;Esprit du Jeu !<br \/>Bonne visite \u00e0 toutes et tous !<\/p>\n<!-- \/wp:paragraph --><!-- wp:separator --><hr class=\"wp-block-separator has-alpha-channel-opacity\" \/><!-- \/wp:separator --><!-- wp:heading {\"textAlign\":\"center\",\"level\":3} -->\n<h3 class=\"wp-block-heading has-text-align-center\">Pr\u00e9sentation<\/h3>\n<!-- \/wp:heading --><!-- wp:paragraph -->\n<p>Tous les profils sont les bienvenus chez les Gones : <strong>d\u00e9butant\u00b7e ou confirm\u00e9\u00b7e, loisir ou comp\u00e9tition<\/strong>, toutes et tous reli\u00e9\u00b7e\u00b7s par l&rsquo;Esprit du Jeu et la volont\u00e9 de passer d&rsquo;agr\u00e9ables moments !<\/p>\n<!-- \/wp:paragraph --><!-- wp:paragraph -->\n<p>Sur la saison 2024-2025, le club a compt\u00e9 plus de 75 adh\u00e9rent\u00b7e\u00b7s, a propos\u00e9 trois entrainements par semaine et a pr\u00e9sent\u00e9 :<\/p>\n<!-- \/wp:paragraph --><!-- wp:list -->\n<ul><!-- wp:list-item -->\n<li>En championnats Beach : une \u00e9quipe Mixte, une F\u00e9minine, une Open<\/li>\n<!-- \/wp:list-item --><!-- wp:list-item -->\n<li>En championnats Indoor quatre \u00e9quipes open (dont une\u00a0 en division Nationale 2), une \u00e9quipe f\u00e9minine, et deux \u00e9quipes \u00e0 la coupe r\u00e9gionale mixte.<\/li>\n<!-- \/wp:list-item --><!-- wp:list-item -->\n<li>En championnats Outdoor : deux \u00e9quipes Mixtes (dont une en division Nationale 3) et deux \u00e9quipes Open (dont une en division Nationale 2)<\/li>\n<!-- \/wp:list-item --><\/ul>\n<!-- \/wp:list --><!-- wp:paragraph -->\n<p>Le club a organis\u00e9 son premier tournoi en juin 2017, le Conflu&rsquo;Hat, et a r\u00e9it\u00e9r\u00e9 l&rsquo;exp\u00e9rience en octobre 2019. Il a \u00e9galement accueilli r\u00e9guli\u00e8rement des phases de championnat (quatre en 2023-2024 !)<\/p>\n<hr class=\"wp-block-separator has-alpha-channel-opacity\" \/><!-- \/wp:separator --><!-- wp:heading {\"textAlign\":\"center\",\"level\":3} -->\n<h3 class=\"wp-block-heading has-text-align-center\">Composition du bureau<\/h3>\n<!-- \/wp:heading --><!-- wp:paragraph {\"align\":\"center\"} -->\n<p class=\"has-text-align-center\">&#8211; Depuis juin 2025 &#8211;<\/p>\n<!-- \/wp:paragraph --><!-- wp:list -->\n<ul><!-- wp:list-item -->\n<li><strong>Pr\u00e9sident<\/strong> : Constance DUNCAN<\/li>\n<!-- \/wp:list-item --><!-- wp:list-item -->\n<li><strong>Vice-Pr\u00e9sident <\/strong>: Flavien FABAS<\/li>\n<!-- \/wp:list-item --><!-- wp:list-item -->\n<li><strong>Secr\u00e9taire<\/strong> : Ugo MARTINEZ<\/li>\n<!-- \/wp:list-item --><!-- wp:list-item --><!-- \/wp:list-item --><!-- wp:list-item -->\n<li><strong>Tr\u00e9sorier :<\/strong> Victor MOINARD<\/li>\n<li><strong>Tr\u00e9sori\u00e8re Adjointe<\/strong> : Audrey MOULARD<\/li>\n<!-- \/wp:list-item --><!-- wp:list-item --><!-- \/wp:list-item --><\/ul>\n<!-- \/wp:list --><!-- wp:separator --><hr class=\"wp-block-separator has-alpha-channel-opacity\" \/><!-- \/wp:separator --><!-- wp:heading {\"textAlign\":\"center\",\"level\":3} -->\n<h3 class=\"wp-block-heading has-text-align-center\">Charte du club<\/h3>\n<!-- \/wp:heading --><!-- wp:paragraph -->\n<p>Afin que les valeurs de l&rsquo;Ultimate Frisbee soient respect\u00e9es au sein du club, une charte a \u00e9t\u00e9 r\u00e9dig\u00e9e et vot\u00e9e en 2019. Elle fixe la philosophie du club en mati\u00e8re de respect de chacune et chacun, afin que tout le monde puisse se sentir \u00e0 l&rsquo;aise dans sa pratique sportive et au sein du club. Elle est t\u00e9l\u00e9chargeable en cliquant ci-dessous :<\/p>\n<!-- \/wp:paragraph --><!-- wp:buttons {\"layout\":{\"type\":\"flex\",\"justifyContent\":\"center\"}} -->\n<div class=\"wp-block-buttons\"><!-- wp:button -->\n<div class=\"wp-block-button\" style=\"text-align: center;\"><a class=\"wp-block-button__link wp-element-button\" href=\"https:\/\/ultimategones.fr\/wp-content\/uploads\/2023\/09\/charte_ultimate_chez_les_gones.pdf\">Charte du<br \/>Club d&rsquo;Ultimate des Gones<\/a><\/div>\n<!-- \/wp:button --><\/div>\n<!-- \/wp:buttons --><!-- wp:separator --><hr class=\"wp-block-separator has-alpha-channel-opacity\" \/><!-- \/wp:separator --><!-- wp:heading {\"textAlign\":\"center\",\"level\":3} -->\n<h3 class=\"wp-block-heading has-text-align-center\">Un peu d&rsquo;histoire<\/h3>\n<!-- \/wp:heading --><!-- wp:paragraph -->\n<p>Le Club d&rsquo;Ultimate des Gones a \u00e9t\u00e9 cr\u00e9\u00e9 en 2016 \u00e0 Lyon par trois passionn\u00e9s d&rsquo;Ultimate :<\/p>\n<!-- \/wp:paragraph --><!-- wp:list -->\n<ul><!-- wp:list-item -->\n<li>J\u00e9r\u00e9my ENGLER, qui a \u00e9t\u00e9 pr\u00e9sident, entraineur et bien plus pendant les trois premi\u00e8res ann\u00e9es du club avant de s&rsquo;envoler vers l&rsquo;Alsace,<\/li>\n<!-- \/wp:list-item --><!-- wp:list-item -->\n<li>Th\u00e9ry PHILIPPINE, sourire du club, partie lancer des disques \u00e0 Saint-Etienne,<\/li>\n<!-- \/wp:list-item --><!-- wp:list-item -->\n<li>Fr\u00e9d\u00e9ric CANTEGREIL, vieux routier de l&rsquo;Ultimate.<\/li>\n<!-- \/wp:list-item --><\/ul>\n<!-- \/wp:list --><!-- wp:paragraph -->\n<p>Le trio a \u00e9t\u00e9 soutenu dans sa d\u00e9marche par :<\/p>\n<!-- \/wp:paragraph --><!-- wp:list -->\n<ul><!-- wp:list-item -->\n<li>C\u00e9dric ENGLER, premier tr\u00e9sorier du club,<\/li>\n<!-- \/wp:list-item --><!-- wp:list-item -->\n<li>Robin DISTELZWEY, dessinateur de g\u00e9nie ayant fourni (et fournissant toujours !) au club son identit\u00e9 visuelle, son logo et son design de maillots.<\/li>\n<!-- \/wp:list-item --><\/ul>\n<!-- \/wp:list --><!-- wp:paragraph -->\n<p>L&rsquo;objectif des membres fondateurs ? Transmettre leur passion de l&rsquo;Ultimate en faisant valoir ses valeurs essentielles : un sport <strong>mixte,<\/strong> <strong>auto-arbitr\u00e9<\/strong> et <strong>sans contact<\/strong>, accordant une place pr\u00e9pond\u00e9rante au<strong> fair-play<\/strong> des joueuses et joueurs, avec pour mots d&rsquo;ordre la <strong>tol\u00e9rance, <\/strong>le<strong> respect <\/strong>et la<strong> bonne ambiance.<\/strong><\/p>\n<!-- \/wp:paragraph -->\t\t\t\t\t\t\t\t<\/div>\n\t\t\t\t<\/div>\n\t\t\t\t\t<\/div>\n\t\t\t\t<\/div>\n\t\t\t\t<\/div>","protected":false},"excerpt":{"rendered":"<p>&#8211; Lyon &#8211; Vous trouverez sur ce site les informations n\u00e9cessaires pour venir pratiquer l&rsquo;Utimate Frisbee \u00e0 Lyon, dans la bonne humeur et l&rsquo;Esprit du Jeu !Bonne visite \u00e0 toutes et tous ! Pr\u00e9sentation Tous les profils sont les bienvenus chez les Gones : d\u00e9butant\u00b7e ou confirm\u00e9\u00b7e, loisir ou comp\u00e9tition, toutes et tous reli\u00e9\u00b7e\u00b7s par [&hellip;]<\/p>","protected":false},"author":2,"featured_media":0,"parent":0,"menu_order":0,"comment_status":"closed","ping_status":"closed","template":"","meta":{"footnotes":""},"class_list":["post-1674","page","type-page","status-publish","hentry"],"_links":{"self":[{"href":"https:\/\/ultimategones.fr\/en\/wp-json\/wp\/v2\/pages\/1674","targetHints":{"allow":["GET"]}}],"collection":[{"href":"https:\/\/ultimategones.fr\/en\/wp-json\/wp\/v2\/pages"}],"about":[{"href":"https:\/\/ultimategones.fr\/en\/wp-json\/wp\/v2\/types\/page"}],"author":[{"embeddable":true,"href":"https:\/\/ultimategones.fr\/en\/wp-json\/wp\/v2\/users\/2"}],"replies":[{"embeddable":true,"href":"https:\/\/ultimategones.fr\/en\/wp-json\/wp\/v2\/comments?post=1674"}],"version-history":[{"count":0,"href":"https:\/\/ultimategones.fr\/en\/wp-json\/wp\/v2\/pages\/1674\/revisions"}],"wp:attachment":[{"href":"https:\/\/ultimategones.fr\/en\/wp-json\/wp\/v2\/media?parent=1674"}],"curies":[{"name":"wp","href":"https:\/\/api.w.org\/{rel}","templated":true}]}}