{"id":130,"date":"2017-05-02T10:16:46","date_gmt":"2017-05-02T09:16:46","guid":{"rendered":"https:\/\/clubultimategones.wordpress.com\/?page_id=130"},"modified":"2021-09-13T23:13:32","modified_gmt":"2021-09-13T21:13:32","slug":"competition","status":"publish","type":"page","link":"https:\/\/ultimategones.fr\/en\/competition\/","title":{"rendered":"Comp\u00e9tition"},"content":{"rendered":"<p style=\"text-align: justify;\">Le Club d&rsquo;Ultimate des G\u00f4nes participe aux championnats Indoor et Outdoor, en Open et en Mixte, et \u00e9galement \u00e0 des tournois ! Vous retrouverez les r\u00e9sultats d\u00e9taill\u00e9s dans les sections correspondantes :<\/p>\n<ul>\n<li><a href=\"https:\/\/clubultimategones.wordpress.com\/indoor\/\">Championnat Indoor<\/a><\/li>\n<li><a href=\"https:\/\/clubultimategones.wordpress.com\/outdoor\/\">Championnat Outdoor<\/a><\/li>\n<li><a href=\"https:\/\/ultimategones.fr\/en\/competition\/tournois\/\">Tournois<\/a>.<\/li>\n<\/ul>\n<p><img fetchpriority=\"high\" decoding=\"async\" class=\"wp-image-1372 aligncenter\" src=\"https:\/\/ultimategones.fr\/wp-content\/uploads\/2019\/04\/56290901_2286922311574327_8269196746551197696_n.jpg?w=300\" alt=\"\" width=\"581\" height=\"387\" srcset=\"https:\/\/ultimategones.fr\/wp-content\/uploads\/2019\/04\/56290901_2286922311574327_8269196746551197696_n.jpg 960w, https:\/\/ultimategones.fr\/wp-content\/uploads\/2019\/04\/56290901_2286922311574327_8269196746551197696_n-300x200.jpg 300w, https:\/\/ultimategones.fr\/wp-content\/uploads\/2019\/04\/56290901_2286922311574327_8269196746551197696_n-768x511.jpg 768w\" sizes=\"(max-width: 581px) 100vw, 581px\" \/><\/p>\n<h3 style=\"text-align: center;\">Saison 2018\/2019 \u2013 R\u00e9sultats<strong><span style=\"color: #0000ff;\"><br \/>\n<\/span><\/strong><\/h3>\n<h4 style=\"text-align: center;\">Indoor Open<strong><span style=\"color: #800080;\"><br \/>\n<\/span><\/strong><\/h4>\n<p><span style=\"text-decoration: underline;\">Equipe 1 :<\/span>\u00a0<em>rep\u00each\u00e9e en DR1<\/em><br \/>\nDR1 \u2192 2\u00e8me\/8<br \/>\n<em>Mont\u00e9e en N3<\/em><\/p>\n<p><span style=\"text-decoration: underline;\">Equipe 2 :<\/span>\u00a0<em>rep\u00each\u00e9e en DR2<\/em><br \/>\nDR2 \u2192 7\u00e8me\/8<br \/>\n<em>Descente en DR3<\/em><\/p>\n<p><span style=\"text-decoration: underline;\">Equipe 3 :<\/span><br \/>\nDR3 \u2192 2\u00e8me\/6<br \/>\n<em>Mont\u00e9e en DR2<\/em><\/p>\n<h4 style=\"text-align: center;\">Outdoor Mixte<strong><span style=\"color: #800080;\"><br \/>\n<\/span><\/strong><\/h4>\n<p>N3 Zone C \u2192 7\u00e8me\/8,\u00a0<strong><span style=\"color: #000080;\">Vainqueur du Spirit of the Game<\/span><br \/>\n<\/strong><em>Maintien en N3 &#8211; Zone C<\/em><\/p>\n<h4 style=\"text-align: center;\">Outdoor Open<strong><br \/>\n<\/strong><\/h4>\n<p>DR1 \u2192 3\u00e8me\/9\u00a0<em>(une seule DR cette ann\u00e9e)<\/em><strong><br \/>\n<\/strong><em>Maintien en DR1<br \/>\n<\/em><\/p>\n<h3 style=\"text-align: center;\">Saison 2017\/2018 \u2013 R\u00e9sultats<\/h3>\n<h4 style=\"text-align: center;\">IndoorOpen<strong><br \/>\n<\/strong><\/h4>\n<p><span style=\"text-decoration: underline;\">Equipe 1 :<\/span><br \/>\nDR2 \u2192 4\u00e8me\/8<br \/>\n<em>Maintien en DR2<\/em><\/p>\n<p><span style=\"text-decoration: underline;\">Equipe 2 :<\/span><br \/>\nDR3 \u2192 5\u00e8me\/12<br \/>\n<em>Maintien en DR3<\/em><\/p>\n<h4 style=\"text-align: center;\">Outdoor Open<\/h4>\n<p>DR1 \u2192 5\u00e8me\/6<br \/>\n<em>Descente en DR2<\/em><\/p>\n<h3 style=\"text-align: center;\">Saison 2016\/2017 \u2013 R\u00e9sultats<\/h3>\n<h4 style=\"text-align: center;\">Indoor Open<\/h4>\n<p>DR3 \u2192 2\u00e8me\/8<br \/>\n<em>Mont\u00e9e en DR2<\/em><\/p>\n<h4 style=\"text-align: center;\">Outdoor Open<\/h4>\n<p>DR2 \u2192 <strong>Champion de DR2 <\/strong>(1er\/6)<br \/>\n<em>Mont\u00e9e en DR1\u00a0<\/em><\/p>","protected":false},"excerpt":{"rendered":"<p>Le Club d&rsquo;Ultimate des G\u00f4nes participe aux championnats Indoor et Outdoor, en Open et en Mixte, et \u00e9galement \u00e0 des tournois ! Vous retrouverez les r\u00e9sultats d\u00e9taill\u00e9s dans les sections correspondantes : Championnat Indoor Championnat Outdoor Tournois. Saison 2018\/2019 \u2013 R\u00e9sultats Indoor Open Equipe 1 :\u00a0rep\u00each\u00e9e en DR1 DR1 \u2192 2\u00e8me\/8 Mont\u00e9e en N3 Equipe [&hellip;]<\/p>","protected":false},"author":2,"featured_media":0,"parent":0,"menu_order":0,"comment_status":"closed","ping_status":"closed","template":"","meta":{"footnotes":""},"class_list":["post-130","page","type-page","status-publish","hentry"],"_links":{"self":[{"href":"https:\/\/ultimategones.fr\/en\/wp-json\/wp\/v2\/pages\/130","targetHints":{"allow":["GET"]}}],"collection":[{"href":"https:\/\/ultimategones.fr\/en\/wp-json\/wp\/v2\/pages"}],"about":[{"href":"https:\/\/ultimategones.fr\/en\/wp-json\/wp\/v2\/types\/page"}],"author":[{"embeddable":true,"href":"https:\/\/ultimategones.fr\/en\/wp-json\/wp\/v2\/users\/2"}],"replies":[{"embeddable":true,"href":"https:\/\/ultimategones.fr\/en\/wp-json\/wp\/v2\/comments?post=130"}],"version-history":[{"count":0,"href":"https:\/\/ultimategones.fr\/en\/wp-json\/wp\/v2\/pages\/130\/revisions"}],"wp:attachment":[{"href":"https:\/\/ultimategones.fr\/en\/wp-json\/wp\/v2\/media?parent=130"}],"curies":[{"name":"wp","href":"https:\/\/api.w.org\/{rel}","templated":true}]}}